{"id":16791,"date":"2021-11-01T13:27:41","date_gmt":"2021-11-01T12:27:41","guid":{"rendered":"https:\/\/perihelio.es\/bio-peri-helio\/"},"modified":"2023-03-13T13:14:18","modified_gmt":"2023-03-13T12:14:18","slug":"bio-peri-helio","status":"publish","type":"page","link":"https:\/\/perihelio.es\/en\/bio-peri-helio\/","title":{"rendered":"BIO PERI HELIO"},"content":{"rendered":"\t\t<div data-elementor-type=\"wp-page\" data-elementor-id=\"16791\" class=\"elementor elementor-16791 elementor-16530\" data-elementor-post-type=\"page\">\n\t\t\t\t\t\t<section class=\"elementor-section elementor-top-section elementor-element elementor-element-7d23756d elementor-reverse-tablet elementor-reverse-mobile elementor-section-boxed elementor-section-height-default elementor-section-height-default\" data-id=\"7d23756d\" data-element_type=\"section\" data-e-type=\"section\" data-settings=\"{&quot;background_background&quot;:&quot;classic&quot;}\">\n\t\t\t\t\t\t<div class=\"elementor-container elementor-column-gap-default\">\n\t\t\t\t\t<div class=\"elementor-column elementor-col-100 elementor-top-column elementor-element elementor-element-226314d0\" data-id=\"226314d0\" data-element_type=\"column\" data-e-type=\"column\">\n\t\t\t<div class=\"elementor-widget-wrap elementor-element-populated\">\n\t\t\t\t\t\t<div class=\"elementor-element elementor-element-7e38b15 elementor-widget elementor-widget-image\" data-id=\"7e38b15\" data-element_type=\"widget\" data-e-type=\"widget\" data-widget_type=\"image.default\">\n\t\t\t\t<div class=\"elementor-widget-container\">\n\t\t\t\t\t\t\t\t\t\t\t\t\t\t\t<img fetchpriority=\"high\" decoding=\"async\" width=\"1400\" height=\"786\" src=\"https:\/\/perihelio.es\/wp-content\/uploads\/2022\/04\/PERI-HELIO-2.jpg\" class=\"attachment-full size-full wp-image-18090\" alt=\"\" srcset=\"https:\/\/perihelio.es\/wp-content\/uploads\/2022\/04\/PERI-HELIO-2.jpg 1400w, https:\/\/perihelio.es\/wp-content\/uploads\/2022\/04\/PERI-HELIO-2-300x168.jpg 300w, https:\/\/perihelio.es\/wp-content\/uploads\/2022\/04\/PERI-HELIO-2-1030x578.jpg 1030w, https:\/\/perihelio.es\/wp-content\/uploads\/2022\/04\/PERI-HELIO-2-768x431.jpg 768w, https:\/\/perihelio.es\/wp-content\/uploads\/2022\/04\/PERI-HELIO-2-500x281.jpg 500w, https:\/\/perihelio.es\/wp-content\/uploads\/2022\/04\/PERI-HELIO-2-700x393.jpg 700w\" sizes=\"(max-width: 1400px) 100vw, 1400px\" \/>\t\t\t\t\t\t\t\t\t\t\t\t\t\t\t<\/div>\n\t\t\t\t<\/div>\n\t\t\t\t<div class=\"elementor-element elementor-element-58d7dc3 elementor-widget__width-auto elementor-absolute elementor-widget elementor-widget-heading\" data-id=\"58d7dc3\" data-element_type=\"widget\" data-e-type=\"widget\" data-settings=\"{&quot;_position&quot;:&quot;absolute&quot;}\" data-widget_type=\"heading.default\">\n\t\t\t\t<div class=\"elementor-widget-container\">\n\t\t\t\t\t<h1 class=\"elementor-heading-title elementor-size-default\">PERI HELIO<\/h1>\t\t\t\t<\/div>\n\t\t\t\t<\/div>\n\t\t\t\t\t<\/div>\n\t\t<\/div>\n\t\t\t\t\t<\/div>\n\t\t<\/section>\n\t\t\t\t<section class=\"elementor-section elementor-top-section elementor-element elementor-element-d4eb984 elementor-reverse-tablet elementor-reverse-mobile elementor-section-boxed elementor-section-height-default elementor-section-height-default\" data-id=\"d4eb984\" data-element_type=\"section\" data-e-type=\"section\" data-settings=\"{&quot;background_background&quot;:&quot;classic&quot;}\">\n\t\t\t\t\t\t<div class=\"elementor-container elementor-column-gap-default\">\n\t\t\t\t\t<div class=\"elementor-column elementor-col-100 elementor-top-column elementor-element elementor-element-50d36f0\" data-id=\"50d36f0\" data-element_type=\"column\" data-e-type=\"column\">\n\t\t\t<div class=\"elementor-widget-wrap elementor-element-populated\">\n\t\t\t\t\t\t<div class=\"elementor-element elementor-element-f9ae5c7 elementor-widget elementor-widget-text-editor\" data-id=\"f9ae5c7\" data-element_type=\"widget\" data-e-type=\"widget\" data-widget_type=\"text-editor.default\">\n\t\t\t\t<div class=\"elementor-widget-container\">\n\t\t\t\t\t\t\t\t\t<p>Peri Helio (Vigo, 1983) has a degree in Mathematics, specialising in Astronomy, and studied artistic screen printing at the <a href=\"https:\/\/emaonlinecovid.blogspot.com\/\">Escuela Municipal de Artes y Oficios de Vigo (EMAO)<\/a>.<br><br>In 2001 he joined the <a href=\"https:\/\/www.usc.gal\/es\/centro\/facultad-matematicas\">Faculty of Mathematics at the University of Santiago de Compostela<\/a>. It is in this city that he will live and develop his artistic activity, which is closely linked to urban art and public space. His friendship with <a href=\"https:\/\/www.liqen.org\/\">Liqen<\/a> and <a href=\"https:\/\/ladrillopitillo.blogspot.com\/\">Pelucas<\/a> would undoubtedly influence his work during these years, as would his association with the Pontevedra Faculty of Fine Arts, which would determine his artistic training, which was essentially autodidactic.<br><br>Around 2005, Peri Helio&#8217;s work began to acquire a language of its own that would define his current style, creating a particular universe of a dreamlike character, with clear evocations and influences of surrealism and symbolism.<br><br>After his stay in Tenerife between 2007 and 2008, where he developed his artistic activity with the local collective Los Chinijos Del Millo, he tended to work in <a href=\"https:\/\/perihelio.es\/en\/tipo_de_obra\/mural-painting\/\">murals<\/a> of increasingly larger format, while participating in various urban art festivals, such as Desordes Creativas, and his professional career was definitely oriented towards art.<br><br>Alongside his <a href=\"https:\/\/perihelio.es\/en\/tipo_de_obra\/mural-painting\/\">mural work<\/a>, Peri usually <a href=\"https:\/\/perihelio.es\/en\/tipo_de_obra\/paper-work\/\">works on paper<\/a>, with ink being one of his favourite materials. He has also been working with ceramics for some years, thanks to his teacher Emilia Guimer\u00e1ns, and has recently set up his own silkscreen workshop, as well as studying wood engraving at the <a href=\"https:\/\/www.fundacionciec.com\/\">Centro Internacional de la Estampa Contemporanea (CIEC)<\/a> in Betanzos.<br><br><br><\/p>\n<p>In all these years, Peri has created numerous murals in different cities in Spain, Italy, Portugal, France and Germany, and has participated in urban art festivals such as IBUG, Desvelarte or Desordes Creativas, among others.&nbsp; He has also held individual and collective exhibitions in different spaces and countries, such as the Espacio D of the Reina Sof\u00eda Museum (Madrid, Spain), the Exhibition Hall of the Galicia Auditorium (Santiago de Compostela, Spain), the Museum of Pontevedra (Pontevedra, Spain), Maia&#8217;s Forum (Maia, Portugal), the BECUH space (Porto, Portugal), Mambo Gallery (Vigo, Spain), La Frontera (Rome, Italy). &#8230; and his work has been published in several magazines and books such as &#8220;Los nombres esenciales del Graffiti y el Arte Urbano espa\u00f1ol&#8221;, published by Lunwerg, or the first volume of &#8220;Street Art &amp; Graffiti. Vol.1&#8221;, published by Fronteira Do Caos Editores.<\/p>\n<p><strong>Artist Statement<\/strong><\/p>I have always poured into my drawings all my interests, doubts, fears, desires and personal struggles, so that my work has eventually acquired an important, albeit subtle, autobiographical component.<br><br>In this sense, my academic background &#8211; I studied mathematics and specialised in astronomy &#8211; is combined with my artistic interests, giving rise to a very personal work with a markedly dreamlike and surrealistic character, in which both geometry and astronomy are established as essential elements.<br><br>Critical of contemporary society, visual philosopher of the human condition and observer of nature and its changes. These are all aspects of my personality that are evident in the metaphorical language of my work.<br><br>Although my artistic career is closely linked to urban art and public space, my creative process currently combines several disciplines, among which mural painting and drawing stand out, but which also include ceramics or silkscreen printing, among others&#8230; this diversity has helped to develop my creative process while enriching the conceptual basis on which my works are based.\t\t\t\t\t\t\t\t<\/div>\n\t\t\t\t<\/div>\n\t\t\t\t\t<\/div>\n\t\t<\/div>\n\t\t\t\t\t<\/div>\n\t\t<\/section>\n\t\t\t\t<section class=\"elementor-section elementor-top-section elementor-element elementor-element-98c8269 elementor-reverse-tablet elementor-reverse-mobile elementor-section-boxed elementor-section-height-default elementor-section-height-default\" data-id=\"98c8269\" data-element_type=\"section\" data-e-type=\"section\" data-settings=\"{&quot;background_background&quot;:&quot;classic&quot;}\">\n\t\t\t\t\t\t<div class=\"elementor-container elementor-column-gap-default\">\n\t\t\t\t\t<div class=\"elementor-column elementor-col-100 elementor-top-column elementor-element elementor-element-c8be037\" data-id=\"c8be037\" data-element_type=\"column\" data-e-type=\"column\">\n\t\t\t<div class=\"elementor-widget-wrap\">\n\t\t\t\t\t\t\t<\/div>\n\t\t<\/div>\n\t\t\t\t\t<\/div>\n\t\t<\/section>\n\t\t\t\t<\/div>\n\t\t","protected":false},"excerpt":{"rendered":"<p>PERI HELIO Peri Helio (Vigo, 1983) has a degree in Mathematics, specialising in Astronomy, and studied artistic screen printing at the Escuela Municipal de Artes y Oficios de Vigo (EMAO). In 2001 he joined the Faculty of Mathematics at the University of Santiago de Compostela. It is in this city that he will live and [&hellip;]<\/p>\n","protected":false},"author":1,"featured_media":0,"parent":0,"menu_order":0,"comment_status":"closed","ping_status":"closed","template":"","meta":{"_acf_changed":false,"footnotes":""},"class_list":["post-16791","page","type-page","status-publish","hentry"],"acf":[],"yoast_head":"<!-- This site is optimized with the Yoast SEO plugin v27.1.1 - https:\/\/yoast.com\/product\/yoast-seo-wordpress\/ -->\n<title>Peri Helio - Artista multidisciplinar - Pintura mural, obra en papel, escultura<\/title>\n<meta name=\"description\" content=\"Peri Helio, licenciado en matem\u00e1ticas (especialidad de astronom\u00eda). De formaci\u00f3n autodidacta, su trayectoria nace ligada al arte urbano.\" \/>\n<meta name=\"robots\" content=\"index, follow, max-snippet:-1, max-image-preview:large, max-video-preview:-1\" \/>\n<link rel=\"canonical\" href=\"https:\/\/perihelio.es\/en\/bio-peri-helio\/\" \/>\n<meta property=\"og:locale\" content=\"en_US\" \/>\n<meta property=\"og:type\" content=\"article\" \/>\n<meta property=\"og:title\" content=\"Peri Helio - Artista multidisciplinar - Pintura mural, obra en papel, escultura\" \/>\n<meta property=\"og:description\" content=\"Peri Helio, licenciado en matem\u00e1ticas (especialidad de astronom\u00eda). De formaci\u00f3n autodidacta, su trayectoria nace ligada al arte urbano.\" \/>\n<meta property=\"og:url\" content=\"https:\/\/perihelio.es\/en\/bio-peri-helio\/\" \/>\n<meta property=\"og:site_name\" content=\"PERI\" \/>\n<meta property=\"article:modified_time\" content=\"2023-03-13T12:14:18+00:00\" \/>\n<meta property=\"og:image\" content=\"https:\/\/perihelio.es\/wp-content\/uploads\/2022\/04\/PERI-HELIO-2.jpg\" \/>\n<meta name=\"twitter:card\" content=\"summary_large_image\" \/>\n<meta name=\"twitter:label1\" content=\"Est. reading time\" \/>\n\t<meta name=\"twitter:data1\" content=\"3 minutes\" \/>\n<script type=\"application\/ld+json\" class=\"yoast-schema-graph\">{\"@context\":\"https:\/\/schema.org\",\"@graph\":[{\"@type\":\"WebPage\",\"@id\":\"https:\/\/perihelio.es\/en\/bio-peri-helio\/\",\"url\":\"https:\/\/perihelio.es\/en\/bio-peri-helio\/\",\"name\":\"Peri Helio - Artista multidisciplinar - Pintura mural, obra en papel, escultura\",\"isPartOf\":{\"@id\":\"https:\/\/perihelio.es\/#website\"},\"primaryImageOfPage\":{\"@id\":\"https:\/\/perihelio.es\/en\/bio-peri-helio\/#primaryimage\"},\"image\":{\"@id\":\"https:\/\/perihelio.es\/en\/bio-peri-helio\/#primaryimage\"},\"thumbnailUrl\":\"https:\/\/perihelio.es\/wp-content\/uploads\/2022\/04\/PERI-HELIO-2.jpg\",\"datePublished\":\"2021-11-01T12:27:41+00:00\",\"dateModified\":\"2023-03-13T12:14:18+00:00\",\"description\":\"Peri Helio, licenciado en matem\u00e1ticas (especialidad de astronom\u00eda). De formaci\u00f3n autodidacta, su trayectoria nace ligada al arte urbano.\",\"breadcrumb\":{\"@id\":\"https:\/\/perihelio.es\/en\/bio-peri-helio\/#breadcrumb\"},\"inLanguage\":\"en-US\",\"potentialAction\":[{\"@type\":\"ReadAction\",\"target\":[\"https:\/\/perihelio.es\/en\/bio-peri-helio\/\"]}]},{\"@type\":\"ImageObject\",\"inLanguage\":\"en-US\",\"@id\":\"https:\/\/perihelio.es\/en\/bio-peri-helio\/#primaryimage\",\"url\":\"https:\/\/perihelio.es\/wp-content\/uploads\/2022\/04\/PERI-HELIO-2.jpg\",\"contentUrl\":\"https:\/\/perihelio.es\/wp-content\/uploads\/2022\/04\/PERI-HELIO-2.jpg\"},{\"@type\":\"BreadcrumbList\",\"@id\":\"https:\/\/perihelio.es\/en\/bio-peri-helio\/#breadcrumb\",\"itemListElement\":[{\"@type\":\"ListItem\",\"position\":1,\"name\":\"Portada\",\"item\":\"https:\/\/perihelio.es\/en\/\"},{\"@type\":\"ListItem\",\"position\":2,\"name\":\"BIO PERI HELIO\"}]},{\"@type\":\"WebSite\",\"@id\":\"https:\/\/perihelio.es\/#website\",\"url\":\"https:\/\/perihelio.es\/\",\"name\":\"PERI\",\"description\":\"Ilustraci\u00f3n y Murales en Vigo\",\"publisher\":{\"@id\":\"https:\/\/perihelio.es\/#organization\"},\"potentialAction\":[{\"@type\":\"SearchAction\",\"target\":{\"@type\":\"EntryPoint\",\"urlTemplate\":\"https:\/\/perihelio.es\/?s={search_term_string}\"},\"query-input\":{\"@type\":\"PropertyValueSpecification\",\"valueRequired\":true,\"valueName\":\"search_term_string\"}}],\"inLanguage\":\"en-US\"},{\"@type\":\"Organization\",\"@id\":\"https:\/\/perihelio.es\/#organization\",\"name\":\"PERI\",\"url\":\"https:\/\/perihelio.es\/\",\"logo\":{\"@type\":\"ImageObject\",\"inLanguage\":\"en-US\",\"@id\":\"https:\/\/perihelio.es\/#\/schema\/logo\/image\/\",\"url\":\"https:\/\/perihelio.es\/wp-content\/uploads\/2021\/07\/Logo-firma-Peri.jpg\",\"contentUrl\":\"https:\/\/perihelio.es\/wp-content\/uploads\/2021\/07\/Logo-firma-Peri.jpg\",\"width\":150,\"height\":487,\"caption\":\"PERI\"},\"image\":{\"@id\":\"https:\/\/perihelio.es\/#\/schema\/logo\/image\/\"}}]}<\/script>\n<!-- \/ Yoast SEO plugin. -->","yoast_head_json":{"title":"Peri Helio - Artista multidisciplinar - Pintura mural, obra en papel, escultura","description":"Peri Helio, licenciado en matem\u00e1ticas (especialidad de astronom\u00eda). De formaci\u00f3n autodidacta, su trayectoria nace ligada al arte urbano.","robots":{"index":"index","follow":"follow","max-snippet":"max-snippet:-1","max-image-preview":"max-image-preview:large","max-video-preview":"max-video-preview:-1"},"canonical":"https:\/\/perihelio.es\/en\/bio-peri-helio\/","og_locale":"en_US","og_type":"article","og_title":"Peri Helio - Artista multidisciplinar - Pintura mural, obra en papel, escultura","og_description":"Peri Helio, licenciado en matem\u00e1ticas (especialidad de astronom\u00eda). De formaci\u00f3n autodidacta, su trayectoria nace ligada al arte urbano.","og_url":"https:\/\/perihelio.es\/en\/bio-peri-helio\/","og_site_name":"PERI","article_modified_time":"2023-03-13T12:14:18+00:00","og_image":[{"url":"https:\/\/perihelio.es\/wp-content\/uploads\/2022\/04\/PERI-HELIO-2.jpg","type":"","width":"","height":""}],"twitter_card":"summary_large_image","twitter_misc":{"Est. reading time":"3 minutes"},"schema":{"@context":"https:\/\/schema.org","@graph":[{"@type":"WebPage","@id":"https:\/\/perihelio.es\/en\/bio-peri-helio\/","url":"https:\/\/perihelio.es\/en\/bio-peri-helio\/","name":"Peri Helio - Artista multidisciplinar - Pintura mural, obra en papel, escultura","isPartOf":{"@id":"https:\/\/perihelio.es\/#website"},"primaryImageOfPage":{"@id":"https:\/\/perihelio.es\/en\/bio-peri-helio\/#primaryimage"},"image":{"@id":"https:\/\/perihelio.es\/en\/bio-peri-helio\/#primaryimage"},"thumbnailUrl":"https:\/\/perihelio.es\/wp-content\/uploads\/2022\/04\/PERI-HELIO-2.jpg","datePublished":"2021-11-01T12:27:41+00:00","dateModified":"2023-03-13T12:14:18+00:00","description":"Peri Helio, licenciado en matem\u00e1ticas (especialidad de astronom\u00eda). De formaci\u00f3n autodidacta, su trayectoria nace ligada al arte urbano.","breadcrumb":{"@id":"https:\/\/perihelio.es\/en\/bio-peri-helio\/#breadcrumb"},"inLanguage":"en-US","potentialAction":[{"@type":"ReadAction","target":["https:\/\/perihelio.es\/en\/bio-peri-helio\/"]}]},{"@type":"ImageObject","inLanguage":"en-US","@id":"https:\/\/perihelio.es\/en\/bio-peri-helio\/#primaryimage","url":"https:\/\/perihelio.es\/wp-content\/uploads\/2022\/04\/PERI-HELIO-2.jpg","contentUrl":"https:\/\/perihelio.es\/wp-content\/uploads\/2022\/04\/PERI-HELIO-2.jpg"},{"@type":"BreadcrumbList","@id":"https:\/\/perihelio.es\/en\/bio-peri-helio\/#breadcrumb","itemListElement":[{"@type":"ListItem","position":1,"name":"Portada","item":"https:\/\/perihelio.es\/en\/"},{"@type":"ListItem","position":2,"name":"BIO PERI HELIO"}]},{"@type":"WebSite","@id":"https:\/\/perihelio.es\/#website","url":"https:\/\/perihelio.es\/","name":"PERI","description":"Ilustraci\u00f3n y Murales en Vigo","publisher":{"@id":"https:\/\/perihelio.es\/#organization"},"potentialAction":[{"@type":"SearchAction","target":{"@type":"EntryPoint","urlTemplate":"https:\/\/perihelio.es\/?s={search_term_string}"},"query-input":{"@type":"PropertyValueSpecification","valueRequired":true,"valueName":"search_term_string"}}],"inLanguage":"en-US"},{"@type":"Organization","@id":"https:\/\/perihelio.es\/#organization","name":"PERI","url":"https:\/\/perihelio.es\/","logo":{"@type":"ImageObject","inLanguage":"en-US","@id":"https:\/\/perihelio.es\/#\/schema\/logo\/image\/","url":"https:\/\/perihelio.es\/wp-content\/uploads\/2021\/07\/Logo-firma-Peri.jpg","contentUrl":"https:\/\/perihelio.es\/wp-content\/uploads\/2021\/07\/Logo-firma-Peri.jpg","width":150,"height":487,"caption":"PERI"},"image":{"@id":"https:\/\/perihelio.es\/#\/schema\/logo\/image\/"}}]}},"_links":{"self":[{"href":"https:\/\/perihelio.es\/en\/wp-json\/wp\/v2\/pages\/16791","targetHints":{"allow":["GET"]}}],"collection":[{"href":"https:\/\/perihelio.es\/en\/wp-json\/wp\/v2\/pages"}],"about":[{"href":"https:\/\/perihelio.es\/en\/wp-json\/wp\/v2\/types\/page"}],"author":[{"embeddable":true,"href":"https:\/\/perihelio.es\/en\/wp-json\/wp\/v2\/users\/1"}],"replies":[{"embeddable":true,"href":"https:\/\/perihelio.es\/en\/wp-json\/wp\/v2\/comments?post=16791"}],"version-history":[{"count":18,"href":"https:\/\/perihelio.es\/en\/wp-json\/wp\/v2\/pages\/16791\/revisions"}],"predecessor-version":[{"id":20551,"href":"https:\/\/perihelio.es\/en\/wp-json\/wp\/v2\/pages\/16791\/revisions\/20551"}],"wp:attachment":[{"href":"https:\/\/perihelio.es\/en\/wp-json\/wp\/v2\/media?parent=16791"}],"curies":[{"name":"wp","href":"https:\/\/api.w.org\/{rel}","templated":true}]}}